{"id":12,"date":"2019-09-02T18:16:25","date_gmt":"2019-09-02T16:16:25","guid":{"rendered":"http:\/\/brain3.fr\/?page_id=12"},"modified":"2019-09-04T00:08:07","modified_gmt":"2019-09-03T22:08:07","slug":"qui-sommes-nous","status":"publish","type":"page","link":"https:\/\/brain3.fr\/index.php\/qui-sommes-nous\/","title":{"rendered":"Qui sommes-nous ?"},"content":{"rendered":"\n<p class=\"has-medium-font-size\">R\u00e9solument orient\u00e9e r\u00e9sultat, nous accompagnons nos clients dans la d\u00e9termination des enjeux de transformation, la roadmap, la d\u00e9finition des cas d\u2019usage, la s\u00e9lection des plateformes candidates et la mise en oeuvre pour concilier performance op\u00e9rationnelle et transformation digitale.<\/p>\n","protected":false},"excerpt":{"rendered":"<p>R\u00e9solument orient\u00e9e r\u00e9sultat, nous accompagnons nos clients dans la d\u00e9termination des enjeux de transformation, la roadmap, la d\u00e9finition des cas d\u2019usage, la s\u00e9lection des plateformes candidates et la mise en oeuvre pour concilier performance op\u00e9rationnelle et transformation digitale.<\/p>\n","protected":false},"author":1,"featured_media":322,"parent":0,"menu_order":0,"comment_status":"closed","ping_status":"closed","template":"","meta":{"footnotes":""},"class_list":["post-12","page","type-page","status-publish","has-post-thumbnail","hentry"],"_links":{"self":[{"href":"https:\/\/brain3.fr\/index.php\/wp-json\/wp\/v2\/pages\/12","targetHints":{"allow":["GET"]}}],"collection":[{"href":"https:\/\/brain3.fr\/index.php\/wp-json\/wp\/v2\/pages"}],"about":[{"href":"https:\/\/brain3.fr\/index.php\/wp-json\/wp\/v2\/types\/page"}],"author":[{"embeddable":true,"href":"https:\/\/brain3.fr\/index.php\/wp-json\/wp\/v2\/users\/1"}],"replies":[{"embeddable":true,"href":"https:\/\/brain3.fr\/index.php\/wp-json\/wp\/v2\/comments?post=12"}],"version-history":[{"count":0,"href":"https:\/\/brain3.fr\/index.php\/wp-json\/wp\/v2\/pages\/12\/revisions"}],"wp:featuredmedia":[{"embeddable":true,"href":"https:\/\/brain3.fr\/index.php\/wp-json\/wp\/v2\/media\/322"}],"wp:attachment":[{"href":"https:\/\/brain3.fr\/index.php\/wp-json\/wp\/v2\/media?parent=12"}],"curies":[{"name":"wp","href":"https:\/\/api.w.org\/{rel}","templated":true}]}}